{"id":4710,"date":"2020-08-20T18:20:48","date_gmt":"2020-08-20T18:20:48","guid":{"rendered":"https:\/\/www.carefreeprotect.com\/product\/carefree-protect-kiefer-1-ltr\/"},"modified":"2020-08-20T18:20:48","modified_gmt":"2020-08-20T18:20:48","slug":"carefree-protect-kiefer-1-ltr","status":"publish","type":"product","link":"https:\/\/www.carefreeprotect.com\/de\/produkt\/carefree-protect-kiefer-1-ltr\/","title":{"rendered":"Carefree Protect\u00ae &#8211; Kiefer 1 ltr"},"content":{"rendered":"<ul>\n<li> Carefree Protect\u00ae ist ein revolution\u00e4res und einzigartiges Produkt, das sowohl Beton als auch Holz in einem optimalen Zustand h\u00e4lt und einen langfristigen Schutz gegen Witterungseinfl\u00fcsse, Eindringen von Feuchtigkeit, UV-Strahlung und Temperatur\u00e4nderungen bietet. <\/ Li>\n<li> Carefree Protect\u00ae basiert auf hochmoderner Nanotechnologie. ist wasserbasiert und enth\u00e4lt keine organischen L\u00f6sungsmittel. <\/ li> <\/ ul>\n<li> Carefree Protect\u00ae hat so einzigartige Eigenschaften, dass es in den kommenden Jahren und Jahrzehnten eine echte Revolution im Beton- und Holzschutz bewirken wird. Carefree Protect\u00ae l\u00e4sst sich besonders einfach ohne besondere Fachkenntnisse, ohne zeitaufw\u00e4ndige Vorbehandlungen und ohne Spezialwerkzeug auftragen. <\/ Li>\n<li> Carefree Protect\u00ae verleiht Holz und Beton ein feuchtigkeitsbest\u00e4ndiges Finish und ist au\u00dferdem algen-, schimmel- und rostbest\u00e4ndig. <\/ Li>\n<li> Carefree Protect\u00ae eignet sich hervorragend f\u00fcr alle Holz-, Beton- und Steinoberfl\u00e4chen, auf denen das Produkt in das darunter liegende Material eindringen kann, um eine gute Haftung zu gew\u00e4hrleisten. <\/ Li>\n<li> Carefree Protect\u00ae hat nicht die Nachteile von Flecken, Farben und Beschichtungen wie Abbl\u00e4ttern, Blasenbildung, Farbverlust und kontinuierlicher Wartung. <\/ Li>\n<li> Carefree Protect\u00ae verhindert unansehnliche Kalkausbl\u00fchungen von Betonprodukten. <\/ Li>\n<li> Carefree Protect\u00ae hat eine hohe Penetrationskapazit\u00e4t, so dass die Struktur des behandelten Produkts gut sichtbar bleibt. <\/ Li>\n<li> Carefree Protect\u00ae ben\u00f6tigt keine Grundierung oder Grundierung und kann ohne Schleifen direkt auf eine saubere und trockene Oberfl\u00e4che aufgetragen werden. <\/ Li>\n<li> Carefree Protect\u00ae l\u00e4sst sich leicht mit einem Farbroller, Pinsel oder Niederdruck-Farbspritzger\u00e4t auftragen. <\/ Li>\n<li> Carefree Protect\u00ae bietet eine feuchtigkeitsbest\u00e4ndige Schutzschicht, die die Reinigung sehr einfach macht. <\/ Li>\n<li> Carefree Protect\u00ae eignet sich hervorragend zum dauerhaften Schutz und zur Versch\u00f6nerung von Beton und steinigen Produkten wie Gartenfliesen, Betonpflaster, Betonz\u00e4unen, zementgebundenen Wellblechen und Betondachziegeln. <\/ Li>\n<li> Carefree Protect\u00ae eignet sich hervorragend zum dauerhaften Schutz und zur Verzierung von Holzprodukten wie Blockh\u00e4usern, Gartengittern, Z\u00e4unen, M\u00f6beln, Pergolen und Terrassenteilen. <\/ Li><br \/>\n<\/ ul><\/p>\n","protected":false},"excerpt":{"rendered":"<p>Carefree Protect\u00ae ist ein revolution\u00e4res und einzigartiges Produkt, das sowohl Beton als auch Holz in einem optimalen Zustand h\u00e4lt und<\/p>\n","protected":false},"featured_media":4188,"template":"","meta":{"_mi_skip_tracking":false},"product_cat":[93],"product_tag":[],"_links":{"self":[{"href":"https:\/\/www.carefreeprotect.com\/de\/wp-json\/wp\/v2\/product\/4710"}],"collection":[{"href":"https:\/\/www.carefreeprotect.com\/de\/wp-json\/wp\/v2\/product"}],"about":[{"href":"https:\/\/www.carefreeprotect.com\/de\/wp-json\/wp\/v2\/types\/product"}],"wp:featuredmedia":[{"embeddable":true,"href":"https:\/\/www.carefreeprotect.com\/de\/wp-json\/wp\/v2\/media\/4188"}],"wp:attachment":[{"href":"https:\/\/www.carefreeprotect.com\/de\/wp-json\/wp\/v2\/media?parent=4710"}],"wp:term":[{"taxonomy":"product_cat","embeddable":true,"href":"https:\/\/www.carefreeprotect.com\/de\/wp-json\/wp\/v2\/product_cat?post=4710"},{"taxonomy":"product_tag","embeddable":true,"href":"https:\/\/www.carefreeprotect.com\/de\/wp-json\/wp\/v2\/product_tag?post=4710"}],"curies":[{"name":"wp","href":"https:\/\/api.w.org\/{rel}","templated":true}]}}